{"id":79,"date":"2021-06-21T12:40:12","date_gmt":"2021-06-21T11:40:12","guid":{"rendered":"https:\/\/www.wbmdr.org.uk\/?page_id=79"},"modified":"2024-06-06T13:55:42","modified_gmt":"2024-06-06T12:55:42","slug":"eligibility","status":"publish","type":"page","link":"https:\/\/wbmdr.org.uk\/cy\/eligibility\/","title":{"rendered":"Gwiriwch eich cymhwysedd"},"content":{"rendered":"<p>Cyn gwneud cais am becyn swab mae angen i ni ofyn ychydig o gwestiynau i chi i gadarnhau eich cymhwysedd. Bydd y sampl o\u2019r swab o\u2019ch boch yn cael ei brofi am farcwyr genetig Antigenau Leucocytau Dynol (HLA), ABO a gr\u0175p gwaed Rhesws, a firws cyffredin tebyg i ffliw o'r enw Cytomegalofirws (CMV). Bydd y data hwn yn cael ei ddefnyddio i'ch ychwanegu at ein panel b\u00f4n-gelloedd, ynghyd \u00e2'ch manylion. Mae cofrestrfeydd a chanolfannau trawsblannu ym mhob rhan o'r byd yn pori drwy\u2019r panel yn chwilio am rywun sy\u2019n cydweddu \u00e2 chleifion sydd angen trawsblaniad b\u00f4n-gelloedd.<\/p>\n\n\n\n\n\n<\/p>\n\n\n<p>\n<div class=\"wpcf7 no-js\" id=\"wpcf7-f148-o1\" lang=\"en-GB\" dir=\"ltr\" data-wpcf7-id=\"148\">\n<div class=\"screen-reader-response\"><p role=\"status\" aria-live=\"polite\" aria-atomic=\"true\"><\/p> <ul><\/ul><\/div>\n<form action=\"\/cy\/wp-json\/wp\/v2\/pages\/79#wpcf7-f148-o1\" method=\"post\" class=\"wpcf7-form init\" id=\"eligible\" aria-label=\"Contact form\" novalidate=\"novalidate\" data-status=\"init\" data-trp-original-action=\"\/cy\/wp-json\/wp\/v2\/pages\/79#wpcf7-f148-o1\">\n<fieldset class=\"hidden-fields-container\"><input type=\"hidden\" name=\"_wpcf7\" value=\"148\" \/><input type=\"hidden\" name=\"_wpcf7_version\" value=\"6.1.4\" \/><input type=\"hidden\" name=\"_wpcf7_locale\" value=\"en_GB\" \/><input type=\"hidden\" name=\"_wpcf7_unit_tag\" value=\"wpcf7-f148-o1\" \/><input type=\"hidden\" name=\"_wpcf7_container_post\" value=\"0\" \/><input type=\"hidden\" name=\"_wpcf7_posted_data_hash\" value=\"\" \/><input type=\"hidden\" name=\"_wpcf7cf_hidden_group_fields\" value=\"[]\" \/><input type=\"hidden\" name=\"_wpcf7cf_hidden_groups\" value=\"[]\" \/><input type=\"hidden\" name=\"_wpcf7cf_visible_groups\" value=\"[]\" \/><input type=\"hidden\" name=\"_wpcf7cf_repeaters\" value=\"[]\" \/><input type=\"hidden\" name=\"_wpcf7cf_steps\" value=\"{}\" \/><input type=\"hidden\" name=\"_wpcf7cf_options\" value=\"{&quot;form_id&quot;:148,&quot;conditions&quot;:[{&quot;then_field&quot;:&quot;eligible&quot;,&quot;and_rules&quot;:[{&quot;if_field&quot;:&quot;check-age&quot;,&quot;operator&quot;:&quot;equals&quot;,&quot;if_value&quot;:&quot;Yes&quot;},{&quot;if_field&quot;:&quot;check-resident&quot;,&quot;operator&quot;:&quot;equals&quot;,&quot;if_value&quot;:&quot;Yes&quot;},{&quot;if_field&quot;:&quot;check-condition&quot;,&quot;operator&quot;:&quot;equals&quot;,&quot;if_value&quot;:&quot;No&quot;}]},{&quot;then_field&quot;:&quot;ineligible&quot;,&quot;and_rules&quot;:[{&quot;if_field&quot;:&quot;check-age&quot;,&quot;operator&quot;:&quot;equals&quot;,&quot;if_value&quot;:&quot;No&quot;}]},{&quot;then_field&quot;:&quot;ineligible&quot;,&quot;and_rules&quot;:[{&quot;if_field&quot;:&quot;check-resident&quot;,&quot;operator&quot;:&quot;equals&quot;,&quot;if_value&quot;:&quot;No&quot;}]},{&quot;then_field&quot;:&quot;ineligible&quot;,&quot;and_rules&quot;:[{&quot;if_field&quot;:&quot;check-condition&quot;,&quot;operator&quot;:&quot;equals&quot;,&quot;if_value&quot;:&quot;Yes&quot;}]}],&quot;settings&quot;:{&quot;animation&quot;:&quot;yes&quot;,&quot;animation_intime&quot;:200,&quot;animation_outtime&quot;:200,&quot;conditions_ui&quot;:&quot;normal&quot;,&quot;notice_dismissed&quot;:false,&quot;notice_dismissed_rollback-cf7-5.8.3&quot;:true,&quot;notice_dismissed_rollback-cf7-5.8.5&quot;:true,&quot;notice_dismissed_rollback-cf7-5.9.4&quot;:true,&quot;notice_dismissed_rollback-cf7-5.9.5&quot;:true}}\" \/>\n<\/fieldset>\n<p>\t\t<div id=\"cf7md-form\" class=\"cf7md-form\">\n\t\t\t<div class=\"mdc-layout-grid\">\n\t\t\t\t<div class=\"mdc-layout-grid__inner\">\n\t\t\t\t\t\t\t\t\t\t\n<\/p>\n\t\t<div class=\"cf7md-item cf7md-checkbox mdc-layout-grid__cell mdc-layout-grid__cell--span-12-desktop mdc-layout-grid__cell--span-8-tablet mdc-layout-grid__cell--span-4-phone cf7md-list cf7md-list__stacked\">\n\t\t\t\t\t\t\t<label class=\"cf7md-label cf7md-label--static\">Ydych chi o ethnigrwydd gwyn a rhwng 16-30 oed, neu o gefndir Du, Asiaidd, treftadaeth gymysg neu leiafrifoedd ethnig ac yn 16-45 oed?*<\/label>\n\t\t\t\t\t\t<br \/>\n<span class=\"wpcf7-form-control-wrap\" data-name=\"check-age\"><span class=\"wpcf7-form-control wpcf7-checkbox wpcf7-validates-as-required wpcf7-exclusive-checkbox\"><span class=\"wpcf7-list-item first\"><input type=\"checkbox\" name=\"check-age\" value=\"Yes\" \/><span class=\"wpcf7-list-item-label\">Do<\/span><\/span><span class=\"wpcf7-list-item last\"><input type=\"checkbox\" name=\"check-age\" value=\"No\" \/><span class=\"wpcf7-list-item-label\">Naddo<\/span><\/span><\/span><\/span><br \/>\n\t\t\t<div style=\"display: none;\" class=\"cf7md-checkbox-html\">\n\t\t\t\t<div class=\"mdc-checkbox__background\">\n\t\t\t\t\t<svg class=\"mdc-checkbox__checkmark\" viewbox=\"0 0 24 24\">\n\t\t\t\t\t\t<path class=\"mdc-checkbox__checkmark-path\" fill=\"none\" d=\"M1.73,12.91 8.1,19.28 22.79,4.59\"\/>\n\t\t\t\t\t<\/svg>\n\t\t\t\t\t<div class=\"mdc-checkbox__mixedmark\"><\/div>\n\t\t\t\t<\/div>\n\t\t\t<\/div>\n\t\t\t<p class=\"cf7md-help-text\">Ar gyfartaledd, dim ond siawns o 37% sydd gan gleifion o gefndiroedd Du, Asiaidd, treftadaeth gymysg a lleiafrifoedd ethnig o ddod o hyd i'r rhoddwr gorau posibl sydd yn cydweddu \u00e2 nhw ac sydd ddim yn perthyn iddyn nhw ar baneli b\u00f4n-gelloedd byd-eang, Mae hyn yn cymharu \u00e2 siawns o 72% i gleifion o gefndir ethnig Prydeinig, Gwyddelig neu sy\u2019n dod o Ogledd Ewrop. Mae cofrestr Rhoddwyr M\u00ear Esgyrn Cymru wedi ymrwymo i fynd i'r afael \u00e2'r anghydraddoldeb hwn drwy gynyddu'r ystod oedran y gall rhoddwyr du, Asiaidd, neu sydd o dreftadaeth gymysg a chefndiroedd lleiafrifoedd ethnig gofrestru ar banel rhoddwyr b\u00f4n-gelloedd Cymru.<\/p>\t\t<\/div>\n\t\t\n\t\t<div class=\"cf7md-item cf7md-checkbox mdc-layout-grid__cell mdc-layout-grid__cell--span-12-desktop mdc-layout-grid__cell--span-8-tablet mdc-layout-grid__cell--span-4-phone cf7md-list cf7md-list__stacked\">\n\t\t\t\t\t\t\t<label class=\"cf7md-label cf7md-label--static\">Ydych chi\u2019n byw yn y Deyrnas Unedig?*<\/label>\n\t\t\t\t\t\t<br \/>\n<span class=\"wpcf7-form-control-wrap\" data-name=\"check-resident\"><span class=\"wpcf7-form-control wpcf7-checkbox wpcf7-validates-as-required wpcf7-exclusive-checkbox\"><span class=\"wpcf7-list-item first\"><input type=\"checkbox\" name=\"check-resident\" value=\"Yes\" \/><span class=\"wpcf7-list-item-label\">Do<\/span><\/span><span class=\"wpcf7-list-item last\"><input type=\"checkbox\" name=\"check-resident\" value=\"No\" \/><span class=\"wpcf7-list-item-label\">Naddo<\/span><\/span><\/span><\/span><br \/>\n\t\t\t<div style=\"display: none;\" class=\"cf7md-checkbox-html\">\n\t\t\t\t<div class=\"mdc-checkbox__background\">\n\t\t\t\t\t<svg class=\"mdc-checkbox__checkmark\" viewbox=\"0 0 24 24\">\n\t\t\t\t\t\t<path class=\"mdc-checkbox__checkmark-path\" fill=\"none\" d=\"M1.73,12.91 8.1,19.28 22.79,4.59\"\/>\n\t\t\t\t\t<\/svg>\n\t\t\t\t\t<div class=\"mdc-checkbox__mixedmark\"><\/div>\n\t\t\t\t<\/div>\n\t\t\t<\/div>\n\t\t\t\t\t<\/div>\n\t\t\n\t\t<div class=\"cf7md-item cf7md-checkbox mdc-layout-grid__cell mdc-layout-grid__cell--span-12-desktop mdc-layout-grid__cell--span-8-tablet mdc-layout-grid__cell--span-4-phone cf7md-list cf7md-list__stacked\">\n\t\t\t\t\t\t\t<label class=\"cf7md-label cf7md-label--static\">Ydych chi erioed wedi dioddef o unrhyw un o'r amodau a restrir isod?*<\/label>\n\t\t\t\t\t\t<br \/>\n<span class=\"wpcf7-form-control-wrap\" data-name=\"check-condition\"><span class=\"wpcf7-form-control wpcf7-checkbox wpcf7-validates-as-required wpcf7-exclusive-checkbox\"><span class=\"wpcf7-list-item first\"><input type=\"checkbox\" name=\"check-condition\" value=\"Yes\" \/><span class=\"wpcf7-list-item-label\">Do<\/span><\/span><span class=\"wpcf7-list-item last\"><input type=\"checkbox\" name=\"check-condition\" value=\"No\" \/><span class=\"wpcf7-list-item-label\">Naddo<\/span><\/span><\/span><\/span><br \/>\n\t\t\t<div style=\"display: none;\" class=\"cf7md-checkbox-html\">\n\t\t\t\t<div class=\"mdc-checkbox__background\">\n\t\t\t\t\t<svg class=\"mdc-checkbox__checkmark\" viewbox=\"0 0 24 24\">\n\t\t\t\t\t\t<path class=\"mdc-checkbox__checkmark-path\" fill=\"none\" d=\"M1.73,12.91 8.1,19.28 22.79,4.59\"\/>\n\t\t\t\t\t<\/svg>\n\t\t\t\t\t<div class=\"mdc-checkbox__mixedmark\"><\/div>\n\t\t\t\t<\/div>\n\t\t\t<\/div>\n\t\t\t\t\t<\/div>\n\t\t\n<div data-id=\"eligible\" data-orig_data_id=\"eligible\"  class=\"\" data-class=\"wpcf7cf_group\">\n\t\t\t<div class=\"cf7md-item cf7md-submit mdc-layout-grid__cell mdc-layout-grid__cell--span-12-desktop mdc-layout-grid__cell--span-8-tablet mdc-layout-grid__cell--span-4-phone\" data-button-style=\"raised\">\n\t\t\t<br \/>\n<input class=\"wpcf7-form-control wpcf7-submit has-spinner\" type=\"submit\" value=\"Y cam nesaf\" \/><br \/>\n\t\t\t<svg class=\"cf7md-spinner\" width=\"25px\" height=\"25px\" viewbox=\"0 0 66 66\" xmlns=\"http:\/\/www.w3.org\/2000\/svg\">\n\t\t\t\t<circle class=\"cf7md-spinner-path\" fill=\"none\" stroke-width=\"6\" stroke-linecap=\"round\" cx=\"33\" cy=\"33\" r=\"30\"><\/circle>\n\t\t\t<\/svg>\n\t\t<\/div>\n\t\t\n<\/div>\n<div data-id=\"ineligible\" data-orig_data_id=\"ineligible\"  class=\"\" data-class=\"wpcf7cf_group\">\n\t<p>Diolch am eich diddordeb, yn anffodus, dydych chi ddim yn gymwys i ymuno \u00e2'r Gofrestr, ond gallwch ddal i helpu, cliciwch yma i ddarganfod sut y gallwch chi helpu eraill i ymuno \u00e2 Chofrestr Rhoddwyr M\u00ear Esgyrn Cymru, neu ffoniwch ni heddiw ar <strong>0800 371 502<\/strong> neu e-bostiwch: <a href=\"mailto:wbmdr@wales.nhs.uk\">wbmdr@wales.nhs.uk<\/a>.\n\t<\/p>\n<\/div>\n\t\t\t\t\t\t\t\t\t<\/div>\n\t\t\t<\/div>\n\t\t<\/div>\n\t\t\n<\/p>\n\n<!-- CF7MSM -->\n<div style='display:none;'><input type=\"hidden\" name=\"_cf7msm_multistep_tag\" class=\"wpcf7-form-control wpcf7-multistep cf7msm-multistep\" value=\"{&quot;first_step&quot;:1,&quot;next_url&quot;:&quot;\/cy\/request-a-kit\/&quot;}\" \/><input type=\"hidden\" name=\"cf7msm-no-ss\" value=\"\" \/>\n<\/div>\n<!-- End CF7MSM -->\n<div class=\"wpcf7-response-output\" aria-hidden=\"true\"><\/div>\n<input type=\"hidden\" name=\"trp-form-language\" value=\"cy\"\/><\/form>\n<\/div>\n<\/p>\n\n\n<p>\n\n\n\n<hr class=\"wp-block-separator has-css-opacity\"\/>\n\n\n\n<p>Yn anffodus, ni fyddwch yn gallu rhoi gwaed os oes gennych unrhyw rai o\u2019r cyflyrau canlynol:<\/p>\n\n\n\n<ul class=\"wp-block-list\">\n<li>Clefydau difrifol ar y galon, yr ysgyfaint neu'r arennau<\/li>\n\n\n\n<li>Salwch difrifol y brif system nerfol<\/li>\n\n\n\n<li>Cyflyrau iechyd meddwl difrifol<\/li>\n\n\n\n<li>Clefydau metabolig difrifol<\/li>\n\n\n\n<li>Caethiwed (alcohol, cyffuriau, tabledi)<\/li>\n\n\n\n<li>Clefydau heintus trofannol difrifol<\/li>\n\n\n\n<li>Clefydau heintus fel HIV, Syffilis, Hepatitis B neu Hepatitis C (hyd yn oed os ydych chi\u2019n cael, neu wedi cael triniaeth)<\/li>\n\n\n\n<li>Clefydau awto-imiwn neu salwch cronig difrifol arall<\/li>\n\n\n\n<li>Canser (yn y gorffennol neu'r presennol). Eithriad: basalioma a carcinoma serfigol (os wedi cael eu tynnu'n llawn)<\/li>\n\n\n\n<li>Anhwylderau gwaed<\/li>\n\n\n\n<li>Wedi dioddef str\u00f4c<\/li>\n\n\n\n<li>Yn cymryd unrhyw feddyginiaeth ar gyfer diabetes<\/li>\n\n\n\n<li>Yn pwyso dan 7 st\u00f4n 12lbs \/ 50kg<\/li>\n\n\n\n<li>BMI o fwy na 40<\/li>\n<\/ul>\n\n\n\n<p>Os oes gennych unrhyw gwestiynau, ffoniwch ni ar <strong>0800 371502<\/strong> neu anfon e-bost atom yn <a href=\"mailto:wbmdr@wales.nhs.uk\">wbmdr@wales.nhs.uk<\/a><\/p>","protected":false},"excerpt":{"rendered":"<p>Before applying for a swab kit we need to ask you a few questions to confirm your eligibility. Your cheek swab sample will be tested for Human Leukocyte Antigen (HLA) genetic markers, ABO and&#46;&#46;&#46;<\/p>","protected":false},"author":1,"featured_media":0,"parent":0,"menu_order":0,"comment_status":"closed","ping_status":"closed","template":"","meta":{"footnotes":""},"class_list":["post-79","page","type-page","status-publish","hentry"],"_links":{"self":[{"href":"https:\/\/wbmdr.org.uk\/cy\/wp-json\/wp\/v2\/pages\/79","targetHints":{"allow":["GET"]}}],"collection":[{"href":"https:\/\/wbmdr.org.uk\/cy\/wp-json\/wp\/v2\/pages"}],"about":[{"href":"https:\/\/wbmdr.org.uk\/cy\/wp-json\/wp\/v2\/types\/page"}],"author":[{"embeddable":true,"href":"https:\/\/wbmdr.org.uk\/cy\/wp-json\/wp\/v2\/users\/1"}],"replies":[{"embeddable":true,"href":"https:\/\/wbmdr.org.uk\/cy\/wp-json\/wp\/v2\/comments?post=79"}],"version-history":[{"count":25,"href":"https:\/\/wbmdr.org.uk\/cy\/wp-json\/wp\/v2\/pages\/79\/revisions"}],"predecessor-version":[{"id":311,"href":"https:\/\/wbmdr.org.uk\/cy\/wp-json\/wp\/v2\/pages\/79\/revisions\/311"}],"wp:attachment":[{"href":"https:\/\/wbmdr.org.uk\/cy\/wp-json\/wp\/v2\/media?parent=79"}],"curies":[{"name":"wp","href":"https:\/\/api.w.org\/{rel}","templated":true}]}}